{"id":887,"date":"2021-09-20T13:31:58","date_gmt":"2021-09-20T11:31:58","guid":{"rendered":"https:\/\/capital-emergence.ch\/?page_id=887"},"modified":"2021-11-29T13:22:10","modified_gmt":"2021-11-29T12:22:10","slug":"gateway","status":"publish","type":"page","link":"https:\/\/capital-emergence.ch\/en\/gateway\/","title":{"rendered":"gateway services"},"content":{"rendered":"<div data-elementor-type=\"wp-post\" data-elementor-id=\"887\" class=\"elementor elementor-887\">\n\t\t\t\t\t\t<div class=\"elementor-inner\">\n\t\t\t\t<div class=\"elementor-section-wrap\">\n\t\t\t\t\t\t\t\t\t<section class=\"ob-is-breaking-bad elementor-section elementor-top-section elementor-element elementor-element-cb6492c elementor-section-full_width elementor-section-height-default elementor-section-height-default\" data-id=\"cb6492c\" data-element_type=\"section\" data-settings=\"{&quot;_ob_bbad_use_it&quot;:&quot;yes&quot;,&quot;_ob_bbad_sssic_use&quot;:&quot;no&quot;,&quot;_ob_glider_is_slider&quot;:&quot;no&quot;}\">\n\t\t\t\t\t\t<div class=\"elementor-container elementor-column-gap-default\">\n\t\t\t\t\t\t\t<div class=\"elementor-row\">\n\t\t\t\t\t<div class=\"elementor-column elementor-col-100 elementor-top-column elementor-element elementor-element-34231ab\" data-id=\"34231ab\" data-element_type=\"column\" data-settings=\"{&quot;_ob_bbad_is_stalker&quot;:&quot;no&quot;,&quot;_ob_teleporter_use&quot;:false,&quot;_ob_column_hoveranimator&quot;:&quot;no&quot;,&quot;_ob_column_has_pseudo&quot;:&quot;no&quot;}\">\n\t\t\t<div class=\"elementor-column-wrap elementor-element-populated\">\n\t\t\t\t\t\t\t<div class=\"elementor-widget-wrap\">\n\t\t\t\t\t\t<div class=\"elementor-element elementor-element-266e0bb elementor-align-left ob-has-background-overlay elementor-widget elementor-widget-bdevs-banner\" data-id=\"266e0bb\" data-element_type=\"widget\" data-settings=\"{&quot;_ob_perspektive_use&quot;:&quot;no&quot;,&quot;_ob_poopart_use&quot;:&quot;yes&quot;,&quot;_ob_shadough_use&quot;:&quot;no&quot;,&quot;_ob_allow_hoveranimator&quot;:&quot;no&quot;,&quot;_ob_widget_stalker_use&quot;:&quot;no&quot;}\" data-widget_type=\"bdevs-banner.default\">\n\t\t\t\t<div class=\"elementor-widget-container\">\n\t\t\t\t\t<!-- ========= Page Title Area ============ -->\r\n\t\t  <div class=\"page-title-area page-title-height color-white\" style=\"background: url(https:\/\/capital-emergence.ch\/wp-content\/uploads\/2020\/09\/about-page-title-bg.jpg);\">\r\n\t\t    <div class=\"container\">\r\n\t\t      <div class=\"row\">\r\n\t\t        <div class=\"col-xl-12\">\r\n\t\t          <div class=\"title-details\">\r\n\t\t            <div class=\"page-title d-flex align-items-center\">\r\n\t\t              <h2 class=\"mb-0\">Gateway services<\/h2>\r\n\t\t            <\/div>\r\n\t\t            \t\t            <div class=\"page-bc\">\r\n\t\t              <nav aria-label=\"breadcrumb\">\r\n\t\t                <ol class=\"breadcrumb mb-0\">\r\n\t\t                  <li class=\"breadcrumb-item\"><a href=\"https:\/\/capital-emergence.ch\/en\/\">Capitem<\/a><\/li>\r\n\t\t                  <li class=\"breadcrumb-item active\" aria-current=\"page\">Gateway services<\/li>\r\n\t\t                <\/ol>\r\n\t\t              <\/nav>\r\n\t\t            <\/div>\r\n\t\t            \t\t          <\/div>\r\n\t\t        <\/div>\r\n\t\t      <\/div>\r\n\t\t    <\/div>\r\n\t\t  <\/div>\r\n\t\t  <!-- ========= Page Title Area ============ -->\r\n\t\t\t<\/div>\n\t\t\t\t<\/div>\n\t\t\t\t\t\t<\/div>\n\t\t\t\t\t<\/div>\n\t\t<\/div>\n\t\t\t\t\t\t\t\t<\/div>\n\t\t\t\t\t<\/div>\n\t\t<\/section>\n\t\t\t\t<section class=\"ob-is-breaking-bad elementor-section elementor-top-section elementor-element elementor-element-uyb3fel elementor-section-boxed elementor-section-height-default elementor-section-height-default\" data-id=\"uyb3fel\" data-element_type=\"section\" data-settings=\"{&quot;_ob_bbad_use_it&quot;:&quot;yes&quot;,&quot;_ob_bbad_sssic_use&quot;:&quot;no&quot;,&quot;_ob_glider_is_slider&quot;:&quot;no&quot;}\">\n\t\t\t\t\t\t<div class=\"elementor-container elementor-column-gap-default\">\n\t\t\t\t\t\t\t<div class=\"elementor-row\">\n\t\t\t\t\t<div class=\"elementor-column elementor-col-100 elementor-top-column elementor-element elementor-element-f149e63\" data-id=\"f149e63\" data-element_type=\"column\" data-settings=\"{&quot;_ob_bbad_is_stalker&quot;:&quot;no&quot;,&quot;_ob_teleporter_use&quot;:false,&quot;_ob_column_hoveranimator&quot;:&quot;no&quot;,&quot;_ob_column_has_pseudo&quot;:&quot;no&quot;}\">\n\t\t\t<div class=\"elementor-column-wrap elementor-element-populated\">\n\t\t\t\t\t\t\t<div class=\"elementor-widget-wrap\">\n\t\t\t\t\t\t<div class=\"elementor-element elementor-element-194f7a2 ob-harakiri-inherit ob-has-background-overlay elementor-widget elementor-widget-text-editor\" data-id=\"194f7a2\" data-element_type=\"widget\" data-settings=\"{&quot;_ob_use_harakiri&quot;:&quot;yes&quot;,&quot;_ob_harakiri_writing_mode&quot;:&quot;inherit&quot;,&quot;_ob_postman_use&quot;:&quot;no&quot;,&quot;_ob_perspektive_use&quot;:&quot;no&quot;,&quot;_ob_poopart_use&quot;:&quot;yes&quot;,&quot;_ob_shadough_use&quot;:&quot;no&quot;,&quot;_ob_allow_hoveranimator&quot;:&quot;no&quot;,&quot;_ob_widget_stalker_use&quot;:&quot;no&quot;}\" data-widget_type=\"text-editor.default\">\n\t\t\t\t<div class=\"elementor-widget-container\">\n\t\t\t\t\t\t\t\t<div class=\"elementor-text-editor elementor-clearfix\">\n\t\t\t\t<h2 style=\"margin-right: 0px; margin-bottom: 6px; margin-left: 0px; font-stretch: normal; line-height: normal; font-family: 'Times New Roman'; color: #535353;\"><span style=\"color: rgb(26, 25, 30); letter-spacing: -0.03em; font-family: var( --e-global-typography-text-font-family ), Sans-serif;\">Access to Swiss \/ European and China \/ Asia markets.<\/span><br><\/h2>\n<p>With an office in Switzerland and in China, we have developed an expertise in finding distributors to penetrate the Swiss\/European and Chinese\/Asian markets, but also for emerging markets such as India, Indonesia, Latin America and Iran to introduce you to the right partners or find suppliers for your products.<\/p>\n<p>In Switzerland, CAPITEM works with a team of consultants and independent sales people to negotiate and execute exclusive distribution contracts. In China, SST employs a highly specialized Chinese team with the appropriate qualifications to guide you in developing your business in China and Asia. Our goal is to find you a reliable local partnership to support your growth in your target markets.<\/p>\n<p>Product and technology research:<\/p>\n<p>Specialist in:<\/p>\n<p>- Green technologies<\/p>\n<p>- Medical<\/p>\n<p>- Robotics - industry 4.0<\/p>\n<div><\/div>\t\t\t\t\t<\/div>\n\t\t\t\t\t\t<\/div>\n\t\t\t\t<\/div>\n\t\t\t\t\t\t<\/div>\n\t\t\t\t\t<\/div>\n\t\t<\/div>\n\t\t\t\t\t\t\t\t<\/div>\n\t\t\t\t\t<\/div>\n\t\t<\/section>\n\t\t\t\t\t\t\t\t\t<\/div>\n\t\t\t<\/div>\n\t\t\t\t\t<\/div>","protected":false},"excerpt":{"rendered":"<p>Gateway services Capitem Gateway services Acc\u00e8s aux&nbsp; march\u00e9s suisses \/ europ\u00e9ens et Chine \/ Asie. Avec un bureau en suisse et en chine, nous avons d\u00e9velopp\u00e9 une expertise dans la recherche de distributeurs pour p\u00e9n\u00e9trer sur les march\u00e9s Suisse\/Europ\u00e9ens et Chinois\/Asiatiques, mais \u00e9galement pour les march\u00e9s \u00e9mergents comme l\u2019 Inde, l\u2019 Indon\u00e9sie, l\u2019Am\u00e9rique Latine et [&hellip;]<\/p>","protected":false},"author":2,"featured_media":0,"parent":0,"menu_order":0,"comment_status":"closed","ping_status":"closed","template":"page-templates\/page-builder.php","meta":{"_mi_skip_tracking":false,"footnotes":""},"class_list":["post-887","page","type-page","status-publish","hentry"],"aioseo_notices":[],"_links":{"self":[{"href":"https:\/\/capital-emergence.ch\/en\/wp-json\/wp\/v2\/pages\/887","targetHints":{"allow":["GET"]}}],"collection":[{"href":"https:\/\/capital-emergence.ch\/en\/wp-json\/wp\/v2\/pages"}],"about":[{"href":"https:\/\/capital-emergence.ch\/en\/wp-json\/wp\/v2\/types\/page"}],"author":[{"embeddable":true,"href":"https:\/\/capital-emergence.ch\/en\/wp-json\/wp\/v2\/users\/2"}],"replies":[{"embeddable":true,"href":"https:\/\/capital-emergence.ch\/en\/wp-json\/wp\/v2\/comments?post=887"}],"version-history":[{"count":13,"href":"https:\/\/capital-emergence.ch\/en\/wp-json\/wp\/v2\/pages\/887\/revisions"}],"predecessor-version":[{"id":1085,"href":"https:\/\/capital-emergence.ch\/en\/wp-json\/wp\/v2\/pages\/887\/revisions\/1085"}],"wp:attachment":[{"href":"https:\/\/capital-emergence.ch\/en\/wp-json\/wp\/v2\/media?parent=887"}],"curies":[{"name":"wp","href":"https:\/\/api.w.org\/{rel}","templated":true}]}}