{"id":599,"date":"2021-09-02T17:27:55","date_gmt":"2021-09-02T15:27:55","guid":{"rendered":"https:\/\/capital-emergence.ch\/?page_id=599"},"modified":"2021-11-29T13:46:55","modified_gmt":"2021-11-29T12:46:55","slug":"liens-utiles","status":"publish","type":"page","link":"https:\/\/capital-emergence.ch\/en\/liens-utiles\/","title":{"rendered":"Useful links"},"content":{"rendered":"<div data-elementor-type=\"wp-post\" data-elementor-id=\"599\" class=\"elementor elementor-599\">\n\t\t\t\t\t\t<div class=\"elementor-inner\">\n\t\t\t\t<div class=\"elementor-section-wrap\">\n\t\t\t\t\t\t\t\t\t<section class=\"ob-is-breaking-bad elementor-section elementor-top-section elementor-element elementor-element-cb6492c elementor-section-full_width elementor-section-height-default elementor-section-height-default\" data-id=\"cb6492c\" data-element_type=\"section\" data-settings=\"{&quot;_ob_bbad_use_it&quot;:&quot;yes&quot;,&quot;_ob_bbad_sssic_use&quot;:&quot;no&quot;,&quot;_ob_glider_is_slider&quot;:&quot;no&quot;}\">\n\t\t\t\t\t\t<div class=\"elementor-container elementor-column-gap-default\">\n\t\t\t\t\t\t\t<div class=\"elementor-row\">\n\t\t\t\t\t<div class=\"elementor-column elementor-col-100 elementor-top-column elementor-element elementor-element-34231ab\" data-id=\"34231ab\" data-element_type=\"column\" data-settings=\"{&quot;_ob_bbad_is_stalker&quot;:&quot;no&quot;,&quot;_ob_teleporter_use&quot;:false,&quot;_ob_column_hoveranimator&quot;:&quot;no&quot;,&quot;_ob_column_has_pseudo&quot;:&quot;no&quot;}\">\n\t\t\t<div class=\"elementor-column-wrap elementor-element-populated\">\n\t\t\t\t\t\t\t<div class=\"elementor-widget-wrap\">\n\t\t\t\t\t\t<div class=\"elementor-element elementor-element-266e0bb elementor-align-left ob-has-background-overlay elementor-widget elementor-widget-bdevs-banner\" data-id=\"266e0bb\" data-element_type=\"widget\" data-settings=\"{&quot;_ob_perspektive_use&quot;:&quot;no&quot;,&quot;_ob_poopart_use&quot;:&quot;yes&quot;,&quot;_ob_shadough_use&quot;:&quot;no&quot;,&quot;_ob_allow_hoveranimator&quot;:&quot;no&quot;,&quot;_ob_widget_stalker_use&quot;:&quot;no&quot;}\" data-widget_type=\"bdevs-banner.default\">\n\t\t\t\t<div class=\"elementor-widget-container\">\n\t\t\t\t\t<!-- ========= Page Title Area ============ -->\r\n\t\t  <div class=\"page-title-area page-title-height color-white\" style=\"background: url(https:\/\/capital-emergence.ch\/wp-content\/uploads\/2020\/09\/about-page-title-bg.jpg);\">\r\n\t\t    <div class=\"container\">\r\n\t\t      <div class=\"row\">\r\n\t\t        <div class=\"col-xl-12\">\r\n\t\t          <div class=\"title-details\">\r\n\t\t            <div class=\"page-title d-flex align-items-center\">\r\n\t\t              <h2 class=\"mb-0\">Liens Utiles<\/h2>\r\n\t\t            <\/div>\r\n\t\t            \t\t            <div class=\"page-bc\">\r\n\t\t              <nav aria-label=\"breadcrumb\">\r\n\t\t                <ol class=\"breadcrumb mb-0\">\r\n\t\t                  <li class=\"breadcrumb-item\"><a href=\"https:\/\/capital-emergence.ch\/en\/\">Capitem<\/a><\/li>\r\n\t\t                  <li class=\"breadcrumb-item active\" aria-current=\"page\">Liens Utiles<\/li>\r\n\t\t                <\/ol>\r\n\t\t              <\/nav>\r\n\t\t            <\/div>\r\n\t\t            \t\t          <\/div>\r\n\t\t        <\/div>\r\n\t\t      <\/div>\r\n\t\t    <\/div>\r\n\t\t  <\/div>\r\n\t\t  <!-- ========= Page Title Area ============ -->\r\n\t\t\t<\/div>\n\t\t\t\t<\/div>\n\t\t\t\t\t\t<\/div>\n\t\t\t\t\t<\/div>\n\t\t<\/div>\n\t\t\t\t\t\t\t\t<\/div>\n\t\t\t\t\t<\/div>\n\t\t<\/section>\n\t\t\t\t<section class=\"ob-is-breaking-bad elementor-section elementor-top-section elementor-element elementor-element-uyb3fel elementor-section-boxed elementor-section-height-default elementor-section-height-default\" data-id=\"uyb3fel\" data-element_type=\"section\" data-settings=\"{&quot;_ob_bbad_use_it&quot;:&quot;yes&quot;,&quot;_ob_bbad_sssic_use&quot;:&quot;no&quot;,&quot;_ob_glider_is_slider&quot;:&quot;no&quot;}\">\n\t\t\t\t\t\t<div class=\"elementor-container elementor-column-gap-default\">\n\t\t\t\t\t\t\t<div class=\"elementor-row\">\n\t\t\t\t\t<div class=\"elementor-column elementor-col-100 elementor-top-column elementor-element elementor-element-f149e63\" data-id=\"f149e63\" data-element_type=\"column\" data-settings=\"{&quot;_ob_bbad_is_stalker&quot;:&quot;no&quot;,&quot;_ob_teleporter_use&quot;:false,&quot;_ob_column_hoveranimator&quot;:&quot;no&quot;,&quot;_ob_column_has_pseudo&quot;:&quot;no&quot;}\">\n\t\t\t<div class=\"elementor-column-wrap elementor-element-populated\">\n\t\t\t\t\t\t\t<div class=\"elementor-widget-wrap\">\n\t\t\t\t\t\t<div class=\"elementor-element elementor-element-13128a9 ob-harakiri-inherit ob-has-background-overlay elementor-widget elementor-widget-text-editor\" data-id=\"13128a9\" data-element_type=\"widget\" data-settings=\"{&quot;_ob_use_harakiri&quot;:&quot;yes&quot;,&quot;_ob_harakiri_writing_mode&quot;:&quot;inherit&quot;,&quot;_ob_postman_use&quot;:&quot;no&quot;,&quot;_ob_perspektive_use&quot;:&quot;no&quot;,&quot;_ob_poopart_use&quot;:&quot;yes&quot;,&quot;_ob_shadough_use&quot;:&quot;no&quot;,&quot;_ob_allow_hoveranimator&quot;:&quot;no&quot;,&quot;_ob_widget_stalker_use&quot;:&quot;no&quot;}\" data-widget_type=\"text-editor.default\">\n\t\t\t\t<div class=\"elementor-widget-container\">\n\t\t\t\t\t\t\t\t<div class=\"elementor-text-editor elementor-clearfix\">\n\t\t\t\t<div class=\"region region-content\"><div id=\"block-system-main\" class=\"block block-system\"><article id=\"node-19\" class=\"node node--page node--full node--page--full clearfix\" role=\"article\"><div class=\"node-content\"><div class=\"field field-name-body field-type-text-with-summary field-label-hidden\"><div class=\"field-items\"><div class=\"field-item even\"><p>The sites proposed here have been carefully selected. They will help you find the information you need on subjects related to our services:<\/p><ul><li>- Fiduciary services &amp; business consulting<\/li><li>\u00a0<ul><li><a href=\"http:\/\/www.geneve-finance.ch\/\">www.geneve-finance.ch<\/a><\/li><li><a href=\"http:\/\/www.swissbanking.org\/\">www.swissbanking.org<\/a><\/li><li><a href=\"http:\/\/cn.swisscham.org\/\">cn.swisscham.org<\/a><\/li><li><a href=\"http:\/\/www.s-ge.com\/\">www.s-ge.com<\/a><\/li><li><a href=\"http:\/\/www.seco.admin.ch\/\">www.seco.admin.ch<\/a><\/li><li>\u00a0<\/li><\/ul><\/li><li>- HR Management<\/li><li>\u00a0<ul><li><a href=\"https:\/\/hbr.org\/\">https:\/\/hbr.org<\/a><\/li><li><a href=\"http:\/\/www.hrtoday.ch\/\">www.hrtoday.ch<\/a><\/li><li>\u00a0<\/li><\/ul><\/li><li>- Medical &amp; Wellness<\/li><li>\u00a0<ul><li><a href=\"http:\/\/www.swissheart.ch\/\">www.swissheart.ch<\/a><\/li><li><a href=\"http:\/\/www.genolier.net\/\">www.genolier.net<\/a><\/li><\/ul><\/li><\/ul><\/div><\/div><\/div><\/div><\/article><\/div><\/div>\t\t\t\t\t<\/div>\n\t\t\t\t\t\t<\/div>\n\t\t\t\t<\/div>\n\t\t\t\t\t\t<\/div>\n\t\t\t\t\t<\/div>\n\t\t<\/div>\n\t\t\t\t\t\t\t\t<\/div>\n\t\t\t\t\t<\/div>\n\t\t<\/section>\n\t\t\t\t\t\t\t\t\t<\/div>\n\t\t\t<\/div>\n\t\t\t\t\t<\/div>","protected":false},"excerpt":{"rendered":"<p>Liens Utiles Capitem Liens Utiles Les sites propos\u00e9s ici ont \u00e9t\u00e9 s\u00e9lectionn\u00e9s avec soin. Ils vous aideront \u00e0 trouver l&rsquo;information qu&rsquo;il vous faut autour de sujets en lien avec nos services\u00a0: &#8211; Services fiduciaires &amp; conseils en entreprise \u00a0 www.geneve-finance.ch www.swissbanking.org cn.swisscham.org www.s-ge.com www.seco.admin.ch \u00a0 &#8211; Gestion RH \u00a0 https:\/\/hbr.org www.hrtoday.ch \u00a0 &#8211; Medical &amp; [&hellip;]<\/p>","protected":false},"author":2,"featured_media":0,"parent":0,"menu_order":0,"comment_status":"closed","ping_status":"closed","template":"page-templates\/page-builder.php","meta":{"_mi_skip_tracking":false,"footnotes":""},"class_list":["post-599","page","type-page","status-publish","hentry"],"aioseo_notices":[],"_links":{"self":[{"href":"https:\/\/capital-emergence.ch\/en\/wp-json\/wp\/v2\/pages\/599","targetHints":{"allow":["GET"]}}],"collection":[{"href":"https:\/\/capital-emergence.ch\/en\/wp-json\/wp\/v2\/pages"}],"about":[{"href":"https:\/\/capital-emergence.ch\/en\/wp-json\/wp\/v2\/types\/page"}],"author":[{"embeddable":true,"href":"https:\/\/capital-emergence.ch\/en\/wp-json\/wp\/v2\/users\/2"}],"replies":[{"embeddable":true,"href":"https:\/\/capital-emergence.ch\/en\/wp-json\/wp\/v2\/comments?post=599"}],"version-history":[{"count":13,"href":"https:\/\/capital-emergence.ch\/en\/wp-json\/wp\/v2\/pages\/599\/revisions"}],"predecessor-version":[{"id":1106,"href":"https:\/\/capital-emergence.ch\/en\/wp-json\/wp\/v2\/pages\/599\/revisions\/1106"}],"wp:attachment":[{"href":"https:\/\/capital-emergence.ch\/en\/wp-json\/wp\/v2\/media?parent=599"}],"curies":[{"name":"wp","href":"https:\/\/api.w.org\/{rel}","templated":true}]}}