{"id":592,"date":"2021-09-02T16:48:50","date_gmt":"2021-09-02T14:48:50","guid":{"rendered":"https:\/\/capital-emergence.ch\/?page_id=592"},"modified":"2021-11-29T13:23:42","modified_gmt":"2021-11-29T12:23:42","slug":"gestion-rh","status":"publish","type":"page","link":"https:\/\/capital-emergence.ch\/en\/gestion-rh\/","title":{"rendered":"HR Management"},"content":{"rendered":"<div data-elementor-type=\"wp-post\" data-elementor-id=\"592\" class=\"elementor elementor-592\">\n\t\t\t\t\t\t<div class=\"elementor-inner\">\n\t\t\t\t<div class=\"elementor-section-wrap\">\n\t\t\t\t\t\t\t\t\t<section class=\"ob-is-breaking-bad elementor-section elementor-top-section elementor-element elementor-element-cb6492c elementor-section-full_width elementor-section-height-default elementor-section-height-default\" data-id=\"cb6492c\" data-element_type=\"section\" data-settings=\"{&quot;_ob_bbad_use_it&quot;:&quot;yes&quot;,&quot;_ob_bbad_sssic_use&quot;:&quot;no&quot;,&quot;_ob_glider_is_slider&quot;:&quot;no&quot;}\">\n\t\t\t\t\t\t<div class=\"elementor-container elementor-column-gap-default\">\n\t\t\t\t\t\t\t<div class=\"elementor-row\">\n\t\t\t\t\t<div class=\"elementor-column elementor-col-100 elementor-top-column elementor-element elementor-element-34231ab\" data-id=\"34231ab\" data-element_type=\"column\" data-settings=\"{&quot;_ob_bbad_is_stalker&quot;:&quot;no&quot;,&quot;_ob_teleporter_use&quot;:false,&quot;_ob_column_hoveranimator&quot;:&quot;no&quot;,&quot;_ob_column_has_pseudo&quot;:&quot;no&quot;}\">\n\t\t\t<div class=\"elementor-column-wrap elementor-element-populated\">\n\t\t\t\t\t\t\t<div class=\"elementor-widget-wrap\">\n\t\t\t\t\t\t<div class=\"elementor-element elementor-element-266e0bb elementor-align-left ob-has-background-overlay elementor-widget elementor-widget-bdevs-banner\" data-id=\"266e0bb\" data-element_type=\"widget\" data-settings=\"{&quot;_ob_perspektive_use&quot;:&quot;no&quot;,&quot;_ob_poopart_use&quot;:&quot;yes&quot;,&quot;_ob_shadough_use&quot;:&quot;no&quot;,&quot;_ob_allow_hoveranimator&quot;:&quot;no&quot;,&quot;_ob_widget_stalker_use&quot;:&quot;no&quot;}\" data-widget_type=\"bdevs-banner.default\">\n\t\t\t\t<div class=\"elementor-widget-container\">\n\t\t\t\t\t<!-- ========= Page Title Area ============ -->\r\n\t\t  <div class=\"page-title-area page-title-height color-white\" style=\"background: url(https:\/\/capital-emergence.ch\/wp-content\/uploads\/2020\/09\/about-page-title-bg.jpg);\">\r\n\t\t    <div class=\"container\">\r\n\t\t      <div class=\"row\">\r\n\t\t        <div class=\"col-xl-12\">\r\n\t\t          <div class=\"title-details\">\r\n\t\t            <div class=\"page-title d-flex align-items-center\">\r\n\t\t              <h2 class=\"mb-0\">HR Management<\/h2>\r\n\t\t            <\/div>\r\n\t\t            \t\t            <div class=\"page-bc\">\r\n\t\t              <nav aria-label=\"breadcrumb\">\r\n\t\t                <ol class=\"breadcrumb mb-0\">\r\n\t\t                  <li class=\"breadcrumb-item\"><a href=\"https:\/\/capital-emergence.ch\/en\/\">Capitem<\/a><\/li>\r\n\t\t                  <li class=\"breadcrumb-item active\" aria-current=\"page\">HR Management<\/li>\r\n\t\t                <\/ol>\r\n\t\t              <\/nav>\r\n\t\t            <\/div>\r\n\t\t            \t\t          <\/div>\r\n\t\t        <\/div>\r\n\t\t      <\/div>\r\n\t\t    <\/div>\r\n\t\t  <\/div>\r\n\t\t  <!-- ========= Page Title Area ============ -->\r\n\t\t\t<\/div>\n\t\t\t\t<\/div>\n\t\t\t\t\t\t<\/div>\n\t\t\t\t\t<\/div>\n\t\t<\/div>\n\t\t\t\t\t\t\t\t<\/div>\n\t\t\t\t\t<\/div>\n\t\t<\/section>\n\t\t\t\t<section class=\"ob-is-breaking-bad elementor-section elementor-top-section elementor-element elementor-element-uyb3fel elementor-section-boxed elementor-section-height-default elementor-section-height-default\" data-id=\"uyb3fel\" data-element_type=\"section\" data-settings=\"{&quot;_ob_bbad_use_it&quot;:&quot;yes&quot;,&quot;_ob_bbad_sssic_use&quot;:&quot;no&quot;,&quot;_ob_glider_is_slider&quot;:&quot;no&quot;}\">\n\t\t\t\t\t\t<div class=\"elementor-container elementor-column-gap-default\">\n\t\t\t\t\t\t\t<div class=\"elementor-row\">\n\t\t\t\t\t<div class=\"elementor-column elementor-col-100 elementor-top-column elementor-element elementor-element-f149e63\" data-id=\"f149e63\" data-element_type=\"column\" data-settings=\"{&quot;_ob_bbad_is_stalker&quot;:&quot;no&quot;,&quot;_ob_teleporter_use&quot;:false,&quot;_ob_column_hoveranimator&quot;:&quot;no&quot;,&quot;_ob_column_has_pseudo&quot;:&quot;no&quot;}\">\n\t\t\t<div class=\"elementor-column-wrap elementor-element-populated\">\n\t\t\t\t\t\t\t<div class=\"elementor-widget-wrap\">\n\t\t\t\t\t\t<div class=\"elementor-element elementor-element-81163cf ob-harakiri-inherit ob-has-background-overlay elementor-widget elementor-widget-text-editor\" data-id=\"81163cf\" data-element_type=\"widget\" data-settings=\"{&quot;_ob_use_harakiri&quot;:&quot;yes&quot;,&quot;_ob_harakiri_writing_mode&quot;:&quot;inherit&quot;,&quot;_ob_postman_use&quot;:&quot;no&quot;,&quot;_ob_perspektive_use&quot;:&quot;no&quot;,&quot;_ob_poopart_use&quot;:&quot;yes&quot;,&quot;_ob_shadough_use&quot;:&quot;no&quot;,&quot;_ob_allow_hoveranimator&quot;:&quot;no&quot;,&quot;_ob_widget_stalker_use&quot;:&quot;no&quot;}\" data-widget_type=\"text-editor.default\">\n\t\t\t\t<div class=\"elementor-widget-container\">\n\t\t\t\t\t\t\t\t<div class=\"elementor-text-editor elementor-clearfix\">\n\t\t\t\t<p class=\"rtejustify\">Are you looking for a salesperson? \u00a0A General Manager? A successor?<\/p>\n<p class=\"rtejustify\">Specialized in all transnational issues, we can manage all aspects of a person's employment in a comprehensive and tailor-made manner or provide one-off services in the following areas<\/p>\n<ul>\n<li>- Job description<\/li>\n<li>- Interview and international recruitment<\/li>\n<li>- Salary administration<\/li>\n<li>- Residence and work permits<\/li>\n<li>- Relocation services<\/li>\n<li>- Advice on social insurance and pensions<\/li>\n<li>- Intercultural services (China and Latin America)<\/li><li><br><\/li>\n<\/ul>\n<h2 class=\"couleur\">Services for Board of Directors :&nbsp;<br>organization and strengthening of governance<\/h2>\n<p class=\"rtejustify\">Well organized governance is a guarantee of sustainability and success. The style of the leader and the Board often shape the corporate culture. It may be that this style is counterproductive or that all the skills, although gathered within the Board of Directors or the different management bodies, do not allow for effective governance.<\/p>\n<p class=\"rtejustify\">With our experience as independent directors on the boards of various small and medium-sized companies in Switzerland and abroad, we formalize a target governance with you using key indicators.<\/p>\n<p class=\"rtejustify\">We accompany you, in order to realize an audit of the governance and to advise you:<\/p>\n<ul>\n<li>- Analysis of the structures, their functioning and optimization of the decision process<\/li>\n<li>- Facilitation of the strategy development process<\/li>\n<li>- Support in the information and communication policy<\/li>\n<li>- Accompanying the Chairman and Chief Executive Officer<\/li>\n<li>- Organizational chart review<\/li>\n<\/ul>\n<p class=\"rtejustify\">Didactic, discreet and diplomatic approach.<\/p>\n<p class=\"rtejustify\">Within the framework of the transfer of family businesses, we accompany the family in order to facilitate the transfer and to ensure the safeguarding of the entrusted heritage. The successors must be supported in their new functions, understand the history of the company's development, and be able to inscribe their own style.<\/p>\t\t\t\t\t<\/div>\n\t\t\t\t\t\t<\/div>\n\t\t\t\t<\/div>\n\t\t\t\t\t\t<\/div>\n\t\t\t\t\t<\/div>\n\t\t<\/div>\n\t\t\t\t\t\t\t\t<\/div>\n\t\t\t\t\t<\/div>\n\t\t<\/section>\n\t\t\t\t\t\t\t\t\t<\/div>\n\t\t\t<\/div>\n\t\t\t\t\t<\/div>","protected":false},"excerpt":{"rendered":"<p>Gestion RH Capitem Gestion RH Vous cherchez un commercial ? &nbsp;Un Directeur G\u00e9n\u00e9ral&nbsp;? Un successeur&nbsp;? Sp\u00e9cialis\u00e9 dans toutes les questions&nbsp; transnationales nous pouvons g\u00e9rer de fa\u00e7on globale et sur mesure tous les aspects li\u00e9s \u00e0 l\u2019emploi d\u2019une personne ou fournir des services ponctuels dans les domaines suivants&nbsp;: &#8211; Description de postes &#8211; Interview et recrutement [&hellip;]<\/p>","protected":false},"author":2,"featured_media":0,"parent":0,"menu_order":0,"comment_status":"closed","ping_status":"closed","template":"page-templates\/page-builder.php","meta":{"_mi_skip_tracking":false,"footnotes":""},"class_list":["post-592","page","type-page","status-publish","hentry"],"aioseo_notices":[],"_links":{"self":[{"href":"https:\/\/capital-emergence.ch\/en\/wp-json\/wp\/v2\/pages\/592","targetHints":{"allow":["GET"]}}],"collection":[{"href":"https:\/\/capital-emergence.ch\/en\/wp-json\/wp\/v2\/pages"}],"about":[{"href":"https:\/\/capital-emergence.ch\/en\/wp-json\/wp\/v2\/types\/page"}],"author":[{"embeddable":true,"href":"https:\/\/capital-emergence.ch\/en\/wp-json\/wp\/v2\/users\/2"}],"replies":[{"embeddable":true,"href":"https:\/\/capital-emergence.ch\/en\/wp-json\/wp\/v2\/comments?post=592"}],"version-history":[{"count":22,"href":"https:\/\/capital-emergence.ch\/en\/wp-json\/wp\/v2\/pages\/592\/revisions"}],"predecessor-version":[{"id":1097,"href":"https:\/\/capital-emergence.ch\/en\/wp-json\/wp\/v2\/pages\/592\/revisions\/1097"}],"wp:attachment":[{"href":"https:\/\/capital-emergence.ch\/en\/wp-json\/wp\/v2\/media?parent=592"}],"curies":[{"name":"wp","href":"https:\/\/api.w.org\/{rel}","templated":true}]}}