{"id":590,"date":"2021-09-02T16:48:18","date_gmt":"2021-09-02T14:48:18","guid":{"rendered":"https:\/\/capital-emergence.ch\/?page_id=590"},"modified":"2021-11-29T13:22:38","modified_gmt":"2021-11-29T12:22:38","slug":"ma","status":"publish","type":"page","link":"https:\/\/capital-emergence.ch\/en\/ma\/","title":{"rendered":"M&#038;A"},"content":{"rendered":"<div data-elementor-type=\"wp-post\" data-elementor-id=\"590\" class=\"elementor elementor-590\">\n\t\t\t\t\t\t<div class=\"elementor-inner\">\n\t\t\t\t<div class=\"elementor-section-wrap\">\n\t\t\t\t\t\t\t\t\t<section class=\"ob-is-breaking-bad elementor-section elementor-top-section elementor-element elementor-element-cb6492c elementor-section-full_width elementor-section-height-default elementor-section-height-default\" data-id=\"cb6492c\" data-element_type=\"section\" data-settings=\"{&quot;_ob_bbad_use_it&quot;:&quot;yes&quot;,&quot;_ob_bbad_sssic_use&quot;:&quot;no&quot;,&quot;_ob_glider_is_slider&quot;:&quot;no&quot;}\">\n\t\t\t\t\t\t<div class=\"elementor-container elementor-column-gap-default\">\n\t\t\t\t\t\t\t<div class=\"elementor-row\">\n\t\t\t\t\t<div class=\"elementor-column elementor-col-100 elementor-top-column elementor-element elementor-element-34231ab\" data-id=\"34231ab\" data-element_type=\"column\" data-settings=\"{&quot;_ob_bbad_is_stalker&quot;:&quot;no&quot;,&quot;_ob_teleporter_use&quot;:false,&quot;_ob_column_hoveranimator&quot;:&quot;no&quot;,&quot;_ob_column_has_pseudo&quot;:&quot;no&quot;}\">\n\t\t\t<div class=\"elementor-column-wrap elementor-element-populated\">\n\t\t\t\t\t\t\t<div class=\"elementor-widget-wrap\">\n\t\t\t\t\t\t<div class=\"elementor-element elementor-element-266e0bb elementor-align-left ob-has-background-overlay elementor-widget elementor-widget-bdevs-banner\" data-id=\"266e0bb\" data-element_type=\"widget\" data-settings=\"{&quot;_ob_perspektive_use&quot;:&quot;no&quot;,&quot;_ob_poopart_use&quot;:&quot;yes&quot;,&quot;_ob_shadough_use&quot;:&quot;no&quot;,&quot;_ob_allow_hoveranimator&quot;:&quot;no&quot;,&quot;_ob_widget_stalker_use&quot;:&quot;no&quot;}\" data-widget_type=\"bdevs-banner.default\">\n\t\t\t\t<div class=\"elementor-widget-container\">\n\t\t\t\t\t<!-- ========= Page Title Area ============ -->\r\n\t\t  <div class=\"page-title-area page-title-height color-white\" style=\"background: url(https:\/\/capital-emergence.ch\/wp-content\/uploads\/2020\/09\/about-page-title-bg.jpg);\">\r\n\t\t    <div class=\"container\">\r\n\t\t      <div class=\"row\">\r\n\t\t        <div class=\"col-xl-12\">\r\n\t\t          <div class=\"title-details\">\r\n\t\t            <div class=\"page-title d-flex align-items-center\">\r\n\t\t              <h2 class=\"mb-0\">Investment Matchmaking<\/h2>\r\n\t\t            <\/div>\r\n\t\t            \t\t            <div class=\"page-bc\">\r\n\t\t              <nav aria-label=\"breadcrumb\">\r\n\t\t                <ol class=\"breadcrumb mb-0\">\r\n\t\t                  <li class=\"breadcrumb-item\"><a href=\"https:\/\/capital-emergence.ch\/en\/\">Capitem<\/a><\/li>\r\n\t\t                  <li class=\"breadcrumb-item active\" aria-current=\"page\">Investment Matchmaking<\/li>\r\n\t\t                <\/ol>\r\n\t\t              <\/nav>\r\n\t\t            <\/div>\r\n\t\t            \t\t          <\/div>\r\n\t\t        <\/div>\r\n\t\t      <\/div>\r\n\t\t    <\/div>\r\n\t\t  <\/div>\r\n\t\t  <!-- ========= Page Title Area ============ -->\r\n\t\t\t<\/div>\n\t\t\t\t<\/div>\n\t\t\t\t\t\t<\/div>\n\t\t\t\t\t<\/div>\n\t\t<\/div>\n\t\t\t\t\t\t\t\t<\/div>\n\t\t\t\t\t<\/div>\n\t\t<\/section>\n\t\t\t\t<section class=\"ob-is-breaking-bad elementor-section elementor-top-section elementor-element elementor-element-uyb3fel elementor-section-boxed elementor-section-height-default elementor-section-height-default\" data-id=\"uyb3fel\" data-element_type=\"section\" data-settings=\"{&quot;_ob_bbad_use_it&quot;:&quot;yes&quot;,&quot;_ob_bbad_sssic_use&quot;:&quot;no&quot;,&quot;_ob_glider_is_slider&quot;:&quot;no&quot;}\">\n\t\t\t\t\t\t<div class=\"elementor-container elementor-column-gap-default\">\n\t\t\t\t\t\t\t<div class=\"elementor-row\">\n\t\t\t\t\t<div class=\"elementor-column elementor-col-100 elementor-top-column elementor-element elementor-element-f149e63\" data-id=\"f149e63\" data-element_type=\"column\" data-settings=\"{&quot;_ob_bbad_is_stalker&quot;:&quot;no&quot;,&quot;_ob_teleporter_use&quot;:false,&quot;_ob_column_hoveranimator&quot;:&quot;no&quot;,&quot;_ob_column_has_pseudo&quot;:&quot;no&quot;}\">\n\t\t\t<div class=\"elementor-column-wrap elementor-element-populated\">\n\t\t\t\t\t\t\t<div class=\"elementor-widget-wrap\">\n\t\t\t\t\t\t<div class=\"elementor-element elementor-element-7600ddf ob-harakiri-inherit ob-has-background-overlay elementor-widget elementor-widget-text-editor\" data-id=\"7600ddf\" data-element_type=\"widget\" data-settings=\"{&quot;_ob_use_harakiri&quot;:&quot;yes&quot;,&quot;_ob_harakiri_writing_mode&quot;:&quot;inherit&quot;,&quot;_ob_postman_use&quot;:&quot;no&quot;,&quot;_ob_perspektive_use&quot;:&quot;no&quot;,&quot;_ob_poopart_use&quot;:&quot;yes&quot;,&quot;_ob_shadough_use&quot;:&quot;no&quot;,&quot;_ob_allow_hoveranimator&quot;:&quot;no&quot;,&quot;_ob_widget_stalker_use&quot;:&quot;no&quot;}\" data-widget_type=\"text-editor.default\">\n\t\t\t\t<div class=\"elementor-widget-container\">\n\t\t\t\t\t\t\t\t<div class=\"elementor-text-editor elementor-clearfix\">\n\t\t\t\t<p class=\"rtecenter\"><em>\"Who dares to cross the great rivers does not fear the small rivers.\"<\/em>\u00a0 Chinese proverb<\/p><p class=\"rtejustify\">You are unique and your projects are unique. Entrepreneurs from father to daughter, we are very sensitive to the issues and hopes founded by creators when they entrust us with their dreams and projects.<\/p><p class=\"rtejustify\">With a mixed experience of start-ups and SMEs, combined with our experience in the transfer of companies, we are at your disposal whatever the size of your project, whether you are looking for partners, investors or buyers.<\/p><h2>\u00a0<\/h2><h2 class=\"couleur\">Business plan consulting<\/h2><p>Service specially dedicated to start-ups, SME\/SMI with more than 2 years of existence, with a minimum turnover of USD 500K.<\/p><p class=\"rtejustify\">Our services allow you to accelerate the transition from one cycle to another of your company, whatever your field of activity. We write your business plan in accordance with your objectives and targets. We also offer analysis and advice on your existing business plan before submission to banks, potential partners, investors or buyers.<\/p><p>Our dedicated services:<\/p><ul><li>- Evaluation of existing business plan<\/li><li>- Creation of a business plan \u00a0<\/li><li>- Valuation of the project<\/li><li>- Teaser in several languages according to investor target<\/li><\/ul><h2>\u00a0<\/h2><h2 class=\"couleur\">Fusions &amp; Acquisitions<\/h2><p class=\"rtejustify\">The acquisition of a company by another requires strategy, finance and management of the financial operation. It also implies working in confidence, in the respect of the partners, in all confidentiality.<\/p><p class=\"rtejustify\">The result of our business plan is the valuation of your company. This allows us to introduce you to investors that match what you are looking for.<\/p><p class=\"rtejustify\">We work with seasoned consultants who specialize in national and transnational M&amp;A transactions.<\/p><p class=\"rtejustify\">Our main services :<\/p><ul><li>- Investor presentation<\/li><li>- Management of merger and acquisition operations\u00a0<\/li><li>- Assistance in company restructuring: financial, legal, HR advice<\/li><li>- Succession planning and support for the transfer of a business<\/li><\/ul>\t\t\t\t\t<\/div>\n\t\t\t\t\t\t<\/div>\n\t\t\t\t<\/div>\n\t\t\t\t\t\t<\/div>\n\t\t\t\t\t<\/div>\n\t\t<\/div>\n\t\t\t\t\t\t\t\t<\/div>\n\t\t\t\t\t<\/div>\n\t\t<\/section>\n\t\t\t\t\t\t\t\t\t<\/div>\n\t\t\t<\/div>\n\t\t\t\t\t<\/div>","protected":false},"excerpt":{"rendered":"<p>Investment Matchmaking Capitem Investment Matchmaking \u00ab\u00a0Qui ose traverser les grands fleuves ne craint pas les petites rivi\u00e8res.\u00a0\u00bb\u00a0 Proverbe chinois Vous \u00eates unique et vos projets le sont. Entrepreneurs de p\u00e8re en fille nous sommes tr\u00e8s sensibles aux enjeux et aux espoirs fond\u00e9s par les cr\u00e9ateurs lorsqu\u2019ils nous confient leurs r\u00eaves et leurs projets. Avec une [&hellip;]<\/p>","protected":false},"author":2,"featured_media":0,"parent":0,"menu_order":0,"comment_status":"closed","ping_status":"closed","template":"page-templates\/page-builder.php","meta":{"_mi_skip_tracking":false,"footnotes":""},"class_list":["post-590","page","type-page","status-publish","hentry"],"aioseo_notices":[],"_links":{"self":[{"href":"https:\/\/capital-emergence.ch\/en\/wp-json\/wp\/v2\/pages\/590","targetHints":{"allow":["GET"]}}],"collection":[{"href":"https:\/\/capital-emergence.ch\/en\/wp-json\/wp\/v2\/pages"}],"about":[{"href":"https:\/\/capital-emergence.ch\/en\/wp-json\/wp\/v2\/types\/page"}],"author":[{"embeddable":true,"href":"https:\/\/capital-emergence.ch\/en\/wp-json\/wp\/v2\/users\/2"}],"replies":[{"embeddable":true,"href":"https:\/\/capital-emergence.ch\/en\/wp-json\/wp\/v2\/comments?post=590"}],"version-history":[{"count":16,"href":"https:\/\/capital-emergence.ch\/en\/wp-json\/wp\/v2\/pages\/590\/revisions"}],"predecessor-version":[{"id":1091,"href":"https:\/\/capital-emergence.ch\/en\/wp-json\/wp\/v2\/pages\/590\/revisions\/1091"}],"wp:attachment":[{"href":"https:\/\/capital-emergence.ch\/en\/wp-json\/wp\/v2\/media?parent=590"}],"curies":[{"name":"wp","href":"https:\/\/api.w.org\/{rel}","templated":true}]}}