{"id":51,"date":"2020-03-25T02:58:08","date_gmt":"2020-03-25T02:58:08","guid":{"rendered":"https:\/\/shtheme.org\/demosd\/burento\/?page_id=51"},"modified":"2021-11-30T15:58:16","modified_gmt":"2021-11-30T14:58:16","slug":"home-2","status":"publish","type":"page","link":"https:\/\/capital-emergence.ch\/en\/","title":{"rendered":"Home"},"content":{"rendered":"<div data-elementor-type=\"wp-post\" data-elementor-id=\"51\" class=\"elementor elementor-51\">\n\t\t\t\t\t\t<div class=\"elementor-inner\">\n\t\t\t\t<div class=\"elementor-section-wrap\">\n\t\t\t\t\t\t\t\t\t<section class=\"ob-is-breaking-bad elementor-section elementor-top-section elementor-element elementor-element-29b38bf elementor-section-full_width elementor-section-height-default elementor-section-height-default\" data-id=\"29b38bf\" data-element_type=\"section\" data-settings=\"{&quot;_ob_bbad_use_it&quot;:&quot;yes&quot;,&quot;_ob_bbad_sssic_use&quot;:&quot;no&quot;,&quot;_ob_glider_is_slider&quot;:&quot;no&quot;}\">\n\t\t\t\t\t\t<div class=\"elementor-container elementor-column-gap-no\">\n\t\t\t\t\t\t\t<div class=\"elementor-row\">\n\t\t\t\t\t<div class=\"elementor-column elementor-col-100 elementor-top-column elementor-element elementor-element-93efef1\" data-id=\"93efef1\" data-element_type=\"column\" data-settings=\"{&quot;_ob_bbad_is_stalker&quot;:&quot;no&quot;,&quot;_ob_teleporter_use&quot;:false,&quot;_ob_column_hoveranimator&quot;:&quot;no&quot;,&quot;_ob_column_has_pseudo&quot;:&quot;no&quot;}\">\n\t\t\t<div class=\"elementor-column-wrap elementor-element-populated\">\n\t\t\t\t\t\t\t<div class=\"elementor-widget-wrap\">\n\t\t\t\t\t\t<div class=\"elementor-element elementor-element-50db8dd elementor-align-left ob-has-background-overlay elementor-widget elementor-widget-bdevs-slider\" data-id=\"50db8dd\" data-element_type=\"widget\" data-settings=\"{&quot;_ob_perspektive_use&quot;:&quot;no&quot;,&quot;_ob_poopart_use&quot;:&quot;yes&quot;,&quot;_ob_shadough_use&quot;:&quot;no&quot;,&quot;_ob_allow_hoveranimator&quot;:&quot;no&quot;,&quot;_ob_widget_stalker_use&quot;:&quot;no&quot;}\" data-widget_type=\"bdevs-slider.default\">\n\t\t\t\t<div class=\"elementor-widget-container\">\n\t\t\t\t\t\t\t  <div class=\"blue-slider slider-area\">\r\n\r\n\t\t    <div class=\"hero-slider slider-arrow\">\r\n\r\n\t\t    \t\t\t\t\t\t\r\n\t\t\t\t\t\t\r\n\t\t      <div class=\"single-slider slider-height slider-circle\" style=\"background: url('https:\/\/capital-emergence.ch\/wp-content\/uploads\/2021\/09\/sailing-boats-on-mountain-lake-Switzerland-brienz-scaled.jpg');\">\r\n\r\n\t\t        <div class=\"container\">\r\n\r\n\t\t          <div class=\"row\">\r\n\r\n\t\t            <div class=\"col-xl-7 col-lg-7 pr-0\">\r\n\r\n\t\t              <div class=\"slider-description pt-190 pb-190\">\r\n\r\n\t\t                <div class=\"slider-text\">\r\n\r\n\t\t                  <div class=\"circle-bg\"><\/div>\r\n\t\t                  \r\n\t\t                  <div class=\"line bl-line bl-line bl-line ml-10\" data-animation=\"fadeInLeft\" data-delay=\".3s\"><\/div>\r\n\r\n\t\t                  <span data-animation=\"fadeInLeft\" data-delay=\".3s\"><img decoding=\"async\" src=\"https:\/\/capital-emergence.ch\/wp-content\/uploads\/2021\/08\/capitem_05-1-e1630258332678.png\" alt=\"capitem\" \/><\/span>\r\n\t              \t\t  \t              \t\t  \r\n\t\t                  <h1 class=\"mt-20 mb-50\" data-animation=\"fadeInLeft\" data-delay=\".5s\">\r\n\r\n\t\t                    <h2>Business and international trade consulting, company management.<\/h2>\n<h4>Project management<\/h4>\r\n\t\t                  <\/h1>\r\n\t\t                  \r\n\t\t                <\/div>\r\n\r\n\t\t                <div class=\"slider-buttons\" data-animation=\"fadeInLeft\" data-delay=\".7s\">\r\n\t\t                \t\t                  <a href=\"https:\/\/capital-emergence.ch\/en\/fiduciaires\/\" class=\"rd-btn bl-btn mr-30\">Read more<\/a>\r\n\t              \t\t\t\t                  \r\n\t\t                <\/div>\r\n\r\n\t\t              <\/div>\r\n\r\n\t\t            <\/div>\r\n\r\n\t\t            <div class=\"col-xl-5 col-lg-5 pr-0\">\r\n\r\n\t\t             <div class=\"d-flex h-100 justify-content-end align-items-end mt-30\" data-animation=\"fadeInRight\" data-delay=\".9s\">\r\n\r\n\t\t              <div class=\"slider-img\">\r\n\r\n\t\t                <img decoding=\"async\" src=\"https:\/\/capital-emergence.ch\/wp-content\/uploads\/2021\/09\/gloloc.png\" alt=\"Slider person\">\r\n\r\n\t\t              <\/div>\r\n\r\n\t\t             <\/div>\r\n\r\n\t\t            <\/div>\r\n\r\n\r\n\r\n\t\t          <\/div>\r\n\r\n\t\t        <\/div>\r\n\r\n\t\t      <\/div>\r\n\t\t  \t\t\t\t\t\t\t\r\n\t\t\t\t\t\t\r\n\t\t      <div class=\"single-slider slider-height slider-circle\" style=\"background: url('https:\/\/capital-emergence.ch\/wp-content\/uploads\/2021\/09\/Start-Investing-for-the-First-Time-1200x600-copie.jpg');\">\r\n\r\n\t\t        <div class=\"container\">\r\n\r\n\t\t          <div class=\"row\">\r\n\r\n\t\t            <div class=\"col-xl-7 col-lg-7 pr-0\">\r\n\r\n\t\t              <div class=\"slider-description pt-190 pb-190\">\r\n\r\n\t\t                <div class=\"slider-text\">\r\n\r\n\t\t                  <div class=\"circle-bg\"><\/div>\r\n\t\t                  \r\n\t\t                  <div class=\"line bl-line bl-line bl-line ml-10\" data-animation=\"fadeInLeft\" data-delay=\".3s\"><\/div>\r\n\r\n\t\t                  <span data-animation=\"fadeInLeft\" data-delay=\".3s\">Business Plan - M&amp;A\n<br><br><br><br><\/span>\r\n\t              \t\t  \t              \t\t  \r\n\t\t                  <h1 class=\"mt-20 mb-50\" data-animation=\"fadeInLeft\" data-delay=\".5s\">\r\n\r\n\t\t                    <h2>Elaboration of business plans and introduction of investors and buyers.<\/h2>\n<h4>Specialist in the valuation and transfer of companies.<\/h4>\r\n\t\t                  <\/h1>\r\n\t\t                  \r\n\t\t                <\/div>\r\n\r\n\t\t                <div class=\"slider-buttons\" data-animation=\"fadeInLeft\" data-delay=\".7s\">\r\n\t\t                \t\t                  <a href=\"https:\/\/capital-emergence.ch\/en\/ma\/\" class=\"rd-btn bl-btn mr-30\">Read more<\/a>\r\n\t              \t\t\t\t                  \r\n\t\t                <\/div>\r\n\r\n\t\t              <\/div>\r\n\r\n\t\t            <\/div>\r\n\r\n\t\t            <div class=\"col-xl-5 col-lg-5 pr-0\">\r\n\r\n\t\t             <div class=\"d-flex h-100 justify-content-end align-items-end mt-30\" data-animation=\"fadeInRight\" data-delay=\".9s\">\r\n\r\n\t\t              <div class=\"slider-img\">\r\n\r\n\t\t                <img decoding=\"async\" src=\"https:\/\/capital-emergence.ch\/wp-content\/uploads\/2021\/09\/gloloc-2.png\" alt=\"Slider person\">\r\n\r\n\t\t              <\/div>\r\n\r\n\t\t             <\/div>\r\n\r\n\t\t            <\/div>\r\n\r\n\r\n\r\n\t\t          <\/div>\r\n\r\n\t\t        <\/div>\r\n\r\n\t\t      <\/div>\r\n\t\t  \t\t\t\t\t\t\t\r\n\t\t\t\t\t\t\r\n\t\t      <div class=\"single-slider slider-height slider-circle\" style=\"background: url('https:\/\/capital-emergence.ch\/wp-content\/uploads\/2021\/09\/corporate-training.jpg');\">\r\n\r\n\t\t        <div class=\"container\">\r\n\r\n\t\t          <div class=\"row\">\r\n\r\n\t\t            <div class=\"col-xl-7 col-lg-7 pr-0\">\r\n\r\n\t\t              <div class=\"slider-description pt-190 pb-190\">\r\n\r\n\t\t                <div class=\"slider-text\">\r\n\r\n\t\t                  <div class=\"circle-bg\"><\/div>\r\n\t\t                  \r\n\t\t                  <div class=\"line bl-line bl-line bl-line ml-10\" data-animation=\"fadeInLeft\" data-delay=\".3s\"><\/div>\r\n\r\n\t\t                  <span data-animation=\"fadeInLeft\" data-delay=\".3s\">HR Management\n<br>\n<br>\n<br>\n<br><\/span>\r\n\t              \t\t  \t              \t\t  \r\n\t\t                  <h1 class=\"mt-20 mb-50\" data-animation=\"fadeInLeft\" data-delay=\".5s\">\r\n\r\n\t\t                    <h2>International recruitment, expatriation, work permits and insurance.<\/h2>\n<h4>Organization.\nCorporate governance.<\/h4>\r\n\t\t                  <\/h1>\r\n\t\t                  \r\n\t\t                <\/div>\r\n\r\n\t\t                <div class=\"slider-buttons\" data-animation=\"fadeInLeft\" data-delay=\".7s\">\r\n\t\t                \t\t                  <a href=\"https:\/\/capital-emergence.ch\/en\/gestion-rh\/\" class=\"rd-btn bl-btn mr-30\">Read more<\/a>\r\n\t              \t\t\t\t                  \r\n\t\t                <\/div>\r\n\r\n\t\t              <\/div>\r\n\r\n\t\t            <\/div>\r\n\r\n\t\t            <div class=\"col-xl-5 col-lg-5 pr-0\">\r\n\r\n\t\t             <div class=\"d-flex h-100 justify-content-end align-items-end mt-30\" data-animation=\"fadeInRight\" data-delay=\".9s\">\r\n\r\n\t\t              <div class=\"slider-img\">\r\n\r\n\t\t                <img decoding=\"async\" src=\"https:\/\/capital-emergence.ch\/wp-content\/uploads\/2021\/09\/gloloc-2.png\" alt=\"Slider person\">\r\n\r\n\t\t              <\/div>\r\n\r\n\t\t             <\/div>\r\n\r\n\t\t            <\/div>\r\n\r\n\r\n\r\n\t\t          <\/div>\r\n\r\n\t\t        <\/div>\r\n\r\n\t\t      <\/div>\r\n\t\t  \t\t\t\t\t\t\t\r\n\t\t\t\t\t\t\r\n\t\t      <div class=\"single-slider slider-height slider-circle\" style=\"background: url('https:\/\/capital-emergence.ch\/wp-content\/uploads\/2021\/09\/unnamed-4.jpg');\">\r\n\r\n\t\t        <div class=\"container\">\r\n\r\n\t\t          <div class=\"row\">\r\n\r\n\t\t            <div class=\"col-xl-7 col-lg-7 pr-0\">\r\n\r\n\t\t              <div class=\"slider-description pt-190 pb-190\">\r\n\r\n\t\t                <div class=\"slider-text\">\r\n\r\n\t\t                  <div class=\"circle-bg\"><\/div>\r\n\t\t                  \r\n\t\t                  <div class=\"line bl-line bl-line bl-line ml-10\" data-animation=\"fadeInLeft\" data-delay=\".3s\"><\/div>\r\n\r\n\t\t                  <span data-animation=\"fadeInLeft\" data-delay=\".3s\">UP Capital\n<br><br><br><br><\/span>\r\n\t              \t\t  \t              \t\t  \r\n\t\t                  <h1 class=\"mt-20 mb-50\" data-animation=\"fadeInLeft\" data-delay=\".5s\">\r\n\r\n\t\t                    <h2>investment start up Switzerland Up capital.<\/h2><br>\n<h4>Start up investment specialist.<\/h4>\r\n\t\t                  <\/h1>\r\n\t\t                  \r\n\t\t                <\/div>\r\n\r\n\t\t                <div class=\"slider-buttons\" data-animation=\"fadeInLeft\" data-delay=\".7s\">\r\n\t\t                \t\t                  <a href=\"https:\/\/capital-emergence.ch\/en\/up-capital\/\" class=\"rd-btn bl-btn mr-30\">Read more<\/a>\r\n\t              \t\t\t\t                  \r\n\t\t                <\/div>\r\n\r\n\t\t              <\/div>\r\n\r\n\t\t            <\/div>\r\n\r\n\t\t            <div class=\"col-xl-5 col-lg-5 pr-0\">\r\n\r\n\t\t             <div class=\"d-flex h-100 justify-content-end align-items-end mt-30\" data-animation=\"fadeInRight\" data-delay=\".9s\">\r\n\r\n\t\t              <div class=\"slider-img\">\r\n\r\n\t\t                <img decoding=\"async\" src=\"https:\/\/capital-emergence.ch\/wp-content\/uploads\/2021\/09\/up-e1632136591464.png\" alt=\"Slider person\">\r\n\r\n\t\t              <\/div>\r\n\r\n\t\t             <\/div>\r\n\r\n\t\t            <\/div>\r\n\r\n\r\n\r\n\t\t          <\/div>\r\n\r\n\t\t        <\/div>\r\n\r\n\t\t      <\/div>\r\n\t\t  \t\r\n\r\n\t\t    <\/div>\r\n\r\n\t\t  <\/div>\r\n\t\t  \t\t\t<\/div>\n\t\t\t\t<\/div>\n\t\t\t\t\t\t<\/div>\n\t\t\t\t\t<\/div>\n\t\t<\/div>\n\t\t\t\t\t\t\t\t<\/div>\n\t\t\t\t\t<\/div>\n\t\t<\/section>\n\t\t\t\t<section class=\"ob-is-breaking-bad elementor-section elementor-top-section elementor-element elementor-element-3676636 elementor-section-boxed elementor-section-height-default elementor-section-height-default\" data-id=\"3676636\" data-element_type=\"section\" data-settings=\"{&quot;_ob_bbad_use_it&quot;:&quot;yes&quot;,&quot;_ob_bbad_sssic_use&quot;:&quot;no&quot;,&quot;_ob_glider_is_slider&quot;:&quot;no&quot;}\">\n\t\t\t\t\t\t<div class=\"elementor-container elementor-column-gap-no\">\n\t\t\t\t\t\t\t<div class=\"elementor-row\">\n\t\t\t\t\t<div class=\"elementor-column elementor-col-100 elementor-top-column elementor-element elementor-element-6589b42\" data-id=\"6589b42\" data-element_type=\"column\" data-settings=\"{&quot;_ob_bbad_is_stalker&quot;:&quot;no&quot;,&quot;_ob_teleporter_use&quot;:false,&quot;_ob_column_hoveranimator&quot;:&quot;no&quot;,&quot;_ob_column_has_pseudo&quot;:&quot;no&quot;}\">\n\t\t\t<div class=\"elementor-column-wrap elementor-element-populated\">\n\t\t\t\t\t\t\t<div class=\"elementor-widget-wrap\">\n\t\t\t\t\t\t<div class=\"elementor-element elementor-element-32e454c elementor-align-left ob-has-background-overlay elementor-widget elementor-widget-bdevs-about\" data-id=\"32e454c\" data-element_type=\"widget\" data-settings=\"{&quot;_ob_perspektive_use&quot;:&quot;no&quot;,&quot;_ob_poopart_use&quot;:&quot;yes&quot;,&quot;_ob_shadough_use&quot;:&quot;no&quot;,&quot;_ob_allow_hoveranimator&quot;:&quot;no&quot;,&quot;_ob_widget_stalker_use&quot;:&quot;no&quot;}\" data-widget_type=\"bdevs-about.default\">\n\t\t\t\t<div class=\"elementor-widget-container\">\n\t\t\t\t\t\t\t<!-- ============ About Area Starts=========== -->\r\n\t\t  <div class=\"about-area blue-about pb-110 pt-115\">\r\n\t\t    <div class=\"container\">\r\n\t\t      <div class=\"row\">\r\n\t\t        <div class=\"col-xl-6 col-lg-6 col-md-12 mt-15\">\r\n\t\t          <div class=\"row no-gutters\">\r\n\r\n\t\t            <div class=\"col-xl-6 col-lg-6 col-md-12 about-card-spacing card-items-flex\">\r\n\t\t            \t\t\t\t\t\t\t\t\t\t\t\t\t\t\t\t\t\t\t\t\t\t              <div class=\"about-card mb-30 text-center\">\r\n\t\t                <div class=\"card-img\">\r\n\t\t                  <img decoding=\"async\" src=\"https:\/\/capital-emergence.ch\/wp-content\/uploads\/2021\/09\/fiduciaire1-e1631403312828.jpg\" alt=\"flag\">\r\n\r\n\t\t                <\/div>\r\n\t\t                <div class=\"card-img card-img-2 d-none\">\r\n\t\t                  <img decoding=\"async\" src=\"https:\/\/capital-emergence.ch\/wp-content\/uploads\/2021\/09\/fiduciaire1-e1631403312828.jpg\" alt=\"flag\">\r\n\r\n\t\t                <\/div>\r\n\t\t                <div class=\"icon-body\">\r\n\t\t                  <span>Services fiduciaires\u200b<\/span>\r\n\t\t                <\/div>\r\n\t\t              <\/div>\r\n\t\t              \t\t\t\t\t\t\t\t\t\t\t\t\t\t\t\t\t\t\t\t\t\t              <div class=\"about-card mb-30 text-center\">\r\n\t\t                <div class=\"card-img\">\r\n\t\t                  <img decoding=\"async\" src=\"https:\/\/capital-emergence.ch\/wp-content\/uploads\/2021\/09\/rh-e1631403630762.jpg\" alt=\"flag\">\r\n\r\n\t\t                <\/div>\r\n\t\t                <div class=\"card-img card-img-2 d-none\">\r\n\t\t                  <img decoding=\"async\" src=\"https:\/\/capital-emergence.ch\/wp-content\/uploads\/2021\/09\/rh-e1631403630762.jpg\" alt=\"flag\">\r\n\r\n\t\t                <\/div>\r\n\t\t                <div class=\"icon-body\">\r\n\t\t                  <span>HR Management<\/span>\r\n\t\t                <\/div>\r\n\t\t              <\/div>\r\n\t\t              \t\t            <\/div>\r\n\t\t            <div class=\"col-xl-6 col-lg-6 col-md-12 card-items-flex pt-40\">\r\n\t\t              \t\t\t\t\t\t\t\t\t\t\t\t\t\t\t\t\t\t\t\t\t\t              <div class=\"about-card mb-30 text-center\">\r\n\t\t                <div class=\"card-img\">\r\n\t\t                  <img decoding=\"async\" src=\"https:\/\/capital-emergence.ch\/wp-content\/uploads\/2021\/09\/m-et-a-e1631404445299.jpg\" alt=\"flag\">\r\n\r\n\t\t                <\/div>\r\n\t\t                <div class=\"card-img card-img-2 d-none\">\r\n\t\t                  <img decoding=\"async\" src=\"https:\/\/capital-emergence.ch\/wp-content\/uploads\/2021\/09\/m-et-a-e1631404445299.jpg\" alt=\"flag\">\r\n\r\n\t\t                <\/div>\r\n\t\t                <div class=\"icon-body\">\r\n\t\t                  <span>Business Plan - M&amp;A\u200b<\/span>\r\n\t\t                <\/div>\r\n\t\t              <\/div>\r\n\t\t              \t\t\t\t\t\t\t\t\t\t\t\t\t\t\t\t\t\t\t\t\t\t              <div class=\"about-card mb-30 text-center\">\r\n\t\t                <div class=\"card-img\">\r\n\t\t                  <img decoding=\"async\" src=\"https:\/\/capital-emergence.ch\/wp-content\/uploads\/2021\/09\/Capture-decran-2021-09-12-a-01.51.16-e1631404328415.png\" alt=\"flag\">\r\n\r\n\t\t                <\/div>\r\n\t\t                <div class=\"card-img card-img-2 d-none\">\r\n\t\t                  <img decoding=\"async\" src=\"https:\/\/capital-emergence.ch\/wp-content\/uploads\/2021\/09\/Capture-decran-2021-09-12-a-01.51.16-e1631404328415.png\" alt=\"flag\">\r\n\r\n\t\t                <\/div>\r\n\t\t                <div class=\"icon-body\">\r\n\t\t                  <span>Investissement Start up<\/span>\r\n\t\t                <\/div>\r\n\t\t              <\/div>\r\n\t\t              \t\t            <\/div>\r\n\t\t          <\/div>\r\n\t\t        <\/div>\r\n\t\t        <div class=\"col-xl-6 col-lg-6 col-md-12\">\r\n\t\t          <div class=\"about-details pb-30\">\r\n\t\t            <div class=\"section-title\">\r\n\t\t            \t\t\t                <div class=\"line bl-line bl-line bl-line ml-10\"><\/div>\r\n\t\t                <h3>About us<\/h3>\r\n\t\t                <div class=\"line bl-line line-mirror ml-20 d-none\"><\/div>\r\n\t\t                \t\t                \t\t                <h2 class=\"mt-15 mb-35\">\r\n\t\t                  CAPITAL EMERGENCE S.A.\t\t                <\/h2>\r\n\t\t                \t\t            <\/div>\r\n\t\t            \t\t              \r\n\t              \t<p>Swiss International Fiduciary Company based in Geneva was therefore created in February 2009 in order to offer innovative and tailor-made management solutions to entrepreneurs and SMEs wishing to expand internationally.<\/p><p class=\"rtejustify\">The family business, with its experience in the field of trusts, has adapted to the needs of its clients and acts as a preferred financial intermediary for all types of investments and in all areas. With our Swiss expertise and know-how, our strategy is to be where our clients need us, at the heart of their projects.<\/p><p>In 2014, Member of the Swiss-Chinese Chamber of Commerce (SCCC) and then newly Member of the Latin American Chamber of Commerce (Latcam) in 2015, <strong class=\"couleur\">CAPITAL EMERGENCE S.A.<\/strong> bridges continents with a global approach and local expertise to manage all your projects.<\/p>\t\t              \r\n\t              \t\r\n\t\t          <\/div>\r\n\t\t          \t\t          <hr>\r\n\t\t          <div class=\"row pt-50\">\r\n\t\t            <div class=\"col-xl-6 col-lg-6 col-md-6 col-sm-6 col-6\">\r\n\t\t              <div class=\"about-person text-center\">\r\n\t\t                <div class=\"about-img\">\r\n\t\t                  <img decoding=\"async\" src=\"\" alt=\"team\">\r\n\t\t                <\/div>\r\n\t\t                <h3 class=\"mt-25\"> <\/h3>\r\n\t\t                <span><\/span>\r\n\t\t              <\/div>\r\n\t\t            <\/div>\r\n\t\t            <div class=\"col-xl-6 col-lg-6 col-md-6 col-sm-6 col-6\">\r\n\t\t              <div class=\"work-experience\">\r\n\t\t                <img decoding=\"async\" class=\"img-fluid\" src=\"\" alt=\"experience\">\r\n\t\t              <\/div>\r\n\t\t            <\/div>\r\n\t\t          <\/div>\r\n\t\t      \t\t\t        <\/div>\r\n\t\t      <\/div>\r\n\t\t    <\/div>\r\n\t\t  <\/div>\r\n\r\n\t\t  <!-- ============ About area Ends=========== -->\r\n\t\t  \t\t\t<\/div>\n\t\t\t\t<\/div>\n\t\t\t\t<div class=\"elementor-element elementor-element-b774bdd ob-has-background-overlay elementor-widget elementor-widget-image\" data-id=\"b774bdd\" data-element_type=\"widget\" data-settings=\"{&quot;_ob_photomorph_use&quot;:&quot;no&quot;,&quot;_ob_perspektive_use&quot;:&quot;no&quot;,&quot;_ob_poopart_use&quot;:&quot;yes&quot;,&quot;_ob_shadough_use&quot;:&quot;no&quot;,&quot;_ob_allow_hoveranimator&quot;:&quot;no&quot;,&quot;_ob_widget_stalker_use&quot;:&quot;no&quot;}\" data-widget_type=\"image.default\">\n\t\t\t\t<div class=\"elementor-widget-container\">\n\t\t\t\t\t\t\t\t<div class=\"elementor-image\">\n\t\t\t\t\t\t\t\t\t\t\t\t<img loading=\"lazy\" decoding=\"async\" width=\"495\" height=\"247\" src=\"https:\/\/capital-emergence.ch\/wp-content\/uploads\/2021\/08\/map.png\" class=\"attachment-large size-large wp-image-437\" alt=\"\" srcset=\"https:\/\/capital-emergence.ch\/wp-content\/uploads\/2021\/08\/map.png 495w, https:\/\/capital-emergence.ch\/wp-content\/uploads\/2021\/08\/map-300x150.png 300w\" sizes=\"auto, (max-width: 495px) 100vw, 495px\" \/>\t\t\t\t\t\t\t\t\t\t\t\t\t\t<\/div>\n\t\t\t\t\t\t<\/div>\n\t\t\t\t<\/div>\n\t\t\t\t\t\t<\/div>\n\t\t\t\t\t<\/div>\n\t\t<\/div>\n\t\t\t\t\t\t\t\t<\/div>\n\t\t\t\t\t<\/div>\n\t\t<\/section>\n\t\t\t\t\t\t\t\t\t<\/div>\n\t\t\t<\/div>\n\t\t\t\t\t<\/div>","protected":false},"excerpt":{"rendered":"<p>Conseils en entreprise et commerce international, gestion de soci\u00e9t\u00e9s. Pilotage de projets En savoir plus Business Plan &#8211; M&amp;A Elaboration de business plan et mise en relation investisseurs, repreneurs. Sp\u00e9cialiste valorisation et transmission de soci\u00e9t\u00e9s. En savoir plus Gestion RH Recrutement international, expatriation, permis de travail et assurances. Organisation. Gouvernance d&rsquo;entreprise. En savoir plus UP [&hellip;]<\/p>","protected":false},"author":2,"featured_media":0,"parent":0,"menu_order":0,"comment_status":"closed","ping_status":"closed","template":"page-templates\/page-builder.php","meta":{"_mi_skip_tracking":false,"footnotes":""},"class_list":["post-51","page","type-page","status-publish","hentry"],"aioseo_notices":[],"_links":{"self":[{"href":"https:\/\/capital-emergence.ch\/en\/wp-json\/wp\/v2\/pages\/51","targetHints":{"allow":["GET"]}}],"collection":[{"href":"https:\/\/capital-emergence.ch\/en\/wp-json\/wp\/v2\/pages"}],"about":[{"href":"https:\/\/capital-emergence.ch\/en\/wp-json\/wp\/v2\/types\/page"}],"author":[{"embeddable":true,"href":"https:\/\/capital-emergence.ch\/en\/wp-json\/wp\/v2\/users\/2"}],"replies":[{"embeddable":true,"href":"https:\/\/capital-emergence.ch\/en\/wp-json\/wp\/v2\/comments?post=51"}],"version-history":[{"count":219,"href":"https:\/\/capital-emergence.ch\/en\/wp-json\/wp\/v2\/pages\/51\/revisions"}],"predecessor-version":[{"id":1136,"href":"https:\/\/capital-emergence.ch\/en\/wp-json\/wp\/v2\/pages\/51\/revisions\/1136"}],"wp:attachment":[{"href":"https:\/\/capital-emergence.ch\/en\/wp-json\/wp\/v2\/media?parent=51"}],"curies":[{"name":"wp","href":"https:\/\/api.w.org\/{rel}","templated":true}]}}